{"id":3977,"date":"2023-03-15T08:50:05","date_gmt":"2023-03-15T06:50:05","guid":{"rendered":"https:\/\/visitoulu.fi\/?page_id=3977"},"modified":"2023-03-15T08:49:53","modified_gmt":"2023-03-15T06:49:53","slug":"favourites","status":"publish","type":"page","link":"https:\/\/visitoulu.fi\/en\/favourites\/","title":{"rendered":"Favorites"},"content":{"rendered":"\n<p class=\"has-text-align-left\">When you press a small heart icon on the articles, products and services found on the <a href=\"http:\/\/visitoulu.fi\/\" target=\"_blank\" rel=\"noreferrer noopener\">VisitOulu.fi<\/a> website, you add them to your favorites. Your favorites are collected on this page so you can explore them and come back to them again. The favorites list helps you to plan what to do in Oulu.<\/p>\n\n\n\n<p class=\"has-text-align-left\">You can send the favorites list to your email from this page. There is also a map view below, where you can see the locations of your favorites on the map. Easy as eating r\u00f6ssypottu, as we say in Oulu!<\/p>\n\n\n\n","protected":false},"excerpt":{"rendered":"<p>When you press a small heart icon on the articles, products and services found on the VisitOulu.fi website, you add them to your favorites. Your favorites are collected on this page so you can explore them and come back to them again. The favorites list helps you to plan what to do in Oulu. You [&#8230;]<\/p>\n<p><a class=\"btn btn-secondary understrap-read-more-link\" href=\"https:\/\/visitoulu.fi\/en\/favourites\/\">Read More&#8230;<span class=\"screen-reader-text\"> from Favorites<\/span><\/a><\/p>\n","protected":false},"author":1,"featured_media":866,"parent":0,"menu_order":0,"comment_status":"closed","ping_status":"closed","template":"","meta":{"_acf_changed":false,"content-type":"","footnotes":""},"coauthors":[160],"class_list":["post-3977","page","type-page","status-publish","has-post-thumbnail","hentry"],"acf":[],"yoast_head":"<!-- This site is optimized with the Yoast SEO plugin v27.4 - https:\/\/yoast.com\/product\/yoast-seo-wordpress\/ -->\n<title>Favorites - Visit Oulu<\/title>\n<meta name=\"robots\" content=\"index, follow, max-snippet:-1, max-image-preview:large, max-video-preview:-1\" \/>\n<link rel=\"canonical\" href=\"https:\/\/visitoulu.fi\/en\/favourites\/\" \/>\n<meta property=\"og:locale\" content=\"en_US\" \/>\n<meta property=\"og:type\" content=\"article\" \/>\n<meta property=\"og:title\" content=\"Favorites - Visit Oulu\" \/>\n<meta property=\"og:description\" content=\"When you press a small heart icon on the articles, products and services found on the VisitOulu.fi website, you add them to your favorites. Your favorites are collected on this page so you can explore them and come back to them again. The favorites list helps you to plan what to do in Oulu. You [...]Read More... from Favorites\" \/>\n<meta property=\"og:url\" content=\"https:\/\/visitoulu.fi\/en\/favourites\/\" \/>\n<meta property=\"og:site_name\" content=\"Visit Oulu\" \/>\n<meta name=\"twitter:card\" content=\"summary_large_image\" \/>\n<meta name=\"twitter:label1\" content=\"Est. reading time\" \/>\n\t<meta name=\"twitter:data1\" content=\"1 minute\" \/>\n\t<meta name=\"twitter:label2\" content=\"Written by\" \/>\n\t<meta name=\"twitter:data2\" content=\"juha\" \/>\n<script type=\"application\/ld+json\" class=\"yoast-schema-graph\">{\"@context\":\"https:\\\/\\\/schema.org\",\"@graph\":[{\"@type\":\"WebPage\",\"@id\":\"https:\\\/\\\/visitoulu.fi\\\/en\\\/favourites\\\/\",\"url\":\"https:\\\/\\\/visitoulu.fi\\\/en\\\/favourites\\\/\",\"name\":\"Favorites - Visit Oulu\",\"isPartOf\":{\"@id\":\"https:\\\/\\\/visitoulu.fi\\\/en\\\/#website\"},\"primaryImageOfPage\":{\"@id\":\"https:\\\/\\\/visitoulu.fi\\\/en\\\/favourites\\\/#primaryimage\"},\"image\":{\"@id\":\"https:\\\/\\\/visitoulu.fi\\\/en\\\/favourites\\\/#primaryimage\"},\"thumbnailUrl\":\"https:\\\/\\\/visitoulu.fi\\\/wp-content\\\/uploads\\\/2022\\\/05\\\/Lasaretti.jpg\",\"datePublished\":\"2023-03-15T06:50:05+00:00\",\"breadcrumb\":{\"@id\":\"https:\\\/\\\/visitoulu.fi\\\/en\\\/favourites\\\/#breadcrumb\"},\"inLanguage\":\"en-US\",\"potentialAction\":[{\"@type\":\"ReadAction\",\"target\":[\"https:\\\/\\\/visitoulu.fi\\\/en\\\/favourites\\\/\"]}]},{\"@type\":\"ImageObject\",\"inLanguage\":\"en-US\",\"@id\":\"https:\\\/\\\/visitoulu.fi\\\/en\\\/favourites\\\/#primaryimage\",\"url\":\"https:\\\/\\\/visitoulu.fi\\\/wp-content\\\/uploads\\\/2022\\\/05\\\/Lasaretti.jpg\",\"contentUrl\":\"https:\\\/\\\/visitoulu.fi\\\/wp-content\\\/uploads\\\/2022\\\/05\\\/Lasaretti.jpg\",\"width\":1920,\"height\":1080,\"caption\":\"Vanhaan l\u00e4\u00e4ninsairaalaan rakennettu taide-, kokous- ja kongressihotelli k\u00e4tkee seiniens\u00e4 sis\u00e4\u00e4n mielenkiintoisen historiansa lis\u00e4ksi my\u00f6s kattavan kokoelman modernia pohjoissuomalaista nykytaidetta.\"},{\"@type\":\"BreadcrumbList\",\"@id\":\"https:\\\/\\\/visitoulu.fi\\\/en\\\/favourites\\\/#breadcrumb\",\"itemListElement\":[{\"@type\":\"ListItem\",\"position\":1,\"name\":\"Etusivu\",\"item\":\"https:\\\/\\\/visitoulu.fi\\\/en\\\/\"},{\"@type\":\"ListItem\",\"position\":2,\"name\":\"Favorites\"}]},{\"@type\":\"WebSite\",\"@id\":\"https:\\\/\\\/visitoulu.fi\\\/en\\\/#website\",\"url\":\"https:\\\/\\\/visitoulu.fi\\\/en\\\/\",\"name\":\"Visit Oulu\",\"description\":\"\",\"potentialAction\":[{\"@type\":\"SearchAction\",\"target\":{\"@type\":\"EntryPoint\",\"urlTemplate\":\"https:\\\/\\\/visitoulu.fi\\\/en\\\/?s={search_term_string}\"},\"query-input\":{\"@type\":\"PropertyValueSpecification\",\"valueRequired\":true,\"valueName\":\"search_term_string\"}}],\"inLanguage\":\"en-US\"}]}<\/script>\n<!-- \/ Yoast SEO plugin. -->","yoast_head_json":{"title":"Favorites - Visit Oulu","robots":{"index":"index","follow":"follow","max-snippet":"max-snippet:-1","max-image-preview":"max-image-preview:large","max-video-preview":"max-video-preview:-1"},"canonical":"https:\/\/visitoulu.fi\/en\/favourites\/","og_locale":"en_US","og_type":"article","og_title":"Favorites - Visit Oulu","og_description":"When you press a small heart icon on the articles, products and services found on the VisitOulu.fi website, you add them to your favorites. Your favorites are collected on this page so you can explore them and come back to them again. The favorites list helps you to plan what to do in Oulu. You [...]Read More... from Favorites","og_url":"https:\/\/visitoulu.fi\/en\/favourites\/","og_site_name":"Visit Oulu","twitter_card":"summary_large_image","twitter_misc":{"Est. reading time":"1 minute","Written by":"juha"},"schema":{"@context":"https:\/\/schema.org","@graph":[{"@type":"WebPage","@id":"https:\/\/visitoulu.fi\/en\/favourites\/","url":"https:\/\/visitoulu.fi\/en\/favourites\/","name":"Favorites - Visit Oulu","isPartOf":{"@id":"https:\/\/visitoulu.fi\/en\/#website"},"primaryImageOfPage":{"@id":"https:\/\/visitoulu.fi\/en\/favourites\/#primaryimage"},"image":{"@id":"https:\/\/visitoulu.fi\/en\/favourites\/#primaryimage"},"thumbnailUrl":"https:\/\/visitoulu.fi\/wp-content\/uploads\/2022\/05\/Lasaretti.jpg","datePublished":"2023-03-15T06:50:05+00:00","breadcrumb":{"@id":"https:\/\/visitoulu.fi\/en\/favourites\/#breadcrumb"},"inLanguage":"en-US","potentialAction":[{"@type":"ReadAction","target":["https:\/\/visitoulu.fi\/en\/favourites\/"]}]},{"@type":"ImageObject","inLanguage":"en-US","@id":"https:\/\/visitoulu.fi\/en\/favourites\/#primaryimage","url":"https:\/\/visitoulu.fi\/wp-content\/uploads\/2022\/05\/Lasaretti.jpg","contentUrl":"https:\/\/visitoulu.fi\/wp-content\/uploads\/2022\/05\/Lasaretti.jpg","width":1920,"height":1080,"caption":"Vanhaan l\u00e4\u00e4ninsairaalaan rakennettu taide-, kokous- ja kongressihotelli k\u00e4tkee seiniens\u00e4 sis\u00e4\u00e4n mielenkiintoisen historiansa lis\u00e4ksi my\u00f6s kattavan kokoelman modernia pohjoissuomalaista nykytaidetta."},{"@type":"BreadcrumbList","@id":"https:\/\/visitoulu.fi\/en\/favourites\/#breadcrumb","itemListElement":[{"@type":"ListItem","position":1,"name":"Etusivu","item":"https:\/\/visitoulu.fi\/en\/"},{"@type":"ListItem","position":2,"name":"Favorites"}]},{"@type":"WebSite","@id":"https:\/\/visitoulu.fi\/en\/#website","url":"https:\/\/visitoulu.fi\/en\/","name":"Visit Oulu","description":"","potentialAction":[{"@type":"SearchAction","target":{"@type":"EntryPoint","urlTemplate":"https:\/\/visitoulu.fi\/en\/?s={search_term_string}"},"query-input":{"@type":"PropertyValueSpecification","valueRequired":true,"valueName":"search_term_string"}}],"inLanguage":"en-US"}]}},"_links":{"self":[{"href":"https:\/\/visitoulu.fi\/en\/wp-json\/wp\/v2\/pages\/3977","targetHints":{"allow":["GET"]}}],"collection":[{"href":"https:\/\/visitoulu.fi\/en\/wp-json\/wp\/v2\/pages"}],"about":[{"href":"https:\/\/visitoulu.fi\/en\/wp-json\/wp\/v2\/types\/page"}],"author":[{"embeddable":true,"href":"https:\/\/visitoulu.fi\/en\/wp-json\/wp\/v2\/users\/1"}],"replies":[{"embeddable":true,"href":"https:\/\/visitoulu.fi\/en\/wp-json\/wp\/v2\/comments?post=3977"}],"version-history":[{"count":2,"href":"https:\/\/visitoulu.fi\/en\/wp-json\/wp\/v2\/pages\/3977\/revisions"}],"predecessor-version":[{"id":3979,"href":"https:\/\/visitoulu.fi\/en\/wp-json\/wp\/v2\/pages\/3977\/revisions\/3979"}],"wp:featuredmedia":[{"embeddable":true,"href":"https:\/\/visitoulu.fi\/en\/wp-json\/wp\/v2\/media\/866"}],"wp:attachment":[{"href":"https:\/\/visitoulu.fi\/en\/wp-json\/wp\/v2\/media?parent=3977"}],"wp:term":[{"taxonomy":"author","embeddable":true,"href":"https:\/\/visitoulu.fi\/en\/wp-json\/wp\/v2\/coauthors?post=3977"}],"curies":[{"name":"wp","href":"https:\/\/api.w.org\/{rel}","templated":true}]}}