{"id":8725,"date":"2024-09-24T10:09:49","date_gmt":"2024-09-24T07:09:49","guid":{"rendered":"https:\/\/visitoulu.fi\/?page_id=8725"},"modified":"2024-11-25T08:43:50","modified_gmt":"2024-11-25T06:43:50","slug":"10-moglichkeiten-den-coolsten-winterurlaub-in-oulu-zu-verbringen","status":"publish","type":"page","link":"https:\/\/visitoulu.fi\/en\/10-moglichkeiten-den-coolsten-winterurlaub-in-oulu-zu-verbringen\/","title":{"rendered":"10 m\u00f6glichkeiten, den coolsten Winterurlaub in Oulu zu verbringen"},"content":{"rendered":"\n<p class=\"has-text-align-center has-medium-font-size\">Verschneite Natur, gefrorenes Meer, Sternenhimmel und mit etwas Gl\u00fcck<br>sogar Nordlichter \u2013 all dies und noch mehr k\u00f6nnen Sie im Winter in der<br>Region Oulu erleben. Hier in Oulu bereiten wir uns auf die Feierlichkeiten<br>als Kulturhauptstadt Europas 2026 vor. Schon jetzt erwartet Sie mit der<br>herrlichen Natur, dem pulsierenden kulturellen Leben und kulinarischen<br>K\u00f6stlichkeiten viel zu erleben. In nur drei Stunden k\u00f6nnen Sie direkt von<br>M\u00fcnchen aus nach Oulu fliegen und schon befinden Sie sich in dem<br>magischen Winterwunderland. In diesem Artikel stellen wir Ihnen zehn<br>unterschiedliche Arten vor, Oulu zu erleben. Was machen Sie am liebsten?<\/p>\n","protected":false},"excerpt":{"rendered":"<p>Verschneite Natur, gefrorenes Meer, Sternenhimmel und mit etwas Gl\u00fccksogar Nordlichter \u2013 all dies und noch mehr k\u00f6nnen Sie im Winter in derRegion Oulu erleben. Hier in Oulu bereiten wir uns auf die Feierlichkeitenals Kulturhauptstadt Europas 2026 vor. Schon jetzt erwartet Sie mit derherrlichen Natur, dem pulsierenden kulturellen Leben und kulinarischenK\u00f6stlichkeiten viel zu erleben. In nur [&#8230;]<\/p>\n<p><a class=\"btn btn-secondary understrap-read-more-link\" href=\"https:\/\/visitoulu.fi\/en\/10-moglichkeiten-den-coolsten-winterurlaub-in-oulu-zu-verbringen\/\">Read More&#8230;<span class=\"screen-reader-text\"> from 10 m\u00f6glichkeiten, den coolsten Winterurlaub in Oulu zu verbringen<\/span><\/a><\/p>\n","protected":false},"author":23,"featured_media":8633,"parent":0,"menu_order":0,"comment_status":"closed","ping_status":"closed","template":"","meta":{"_acf_changed":false,"content-type":"","footnotes":""},"coauthors":[192],"class_list":["post-8725","page","type-page","status-publish","has-post-thumbnail","hentry"],"acf":[],"yoast_head":"<!-- This site is optimized with the Yoast SEO plugin v27.3 - https:\/\/yoast.com\/product\/yoast-seo-wordpress\/ -->\n<title>10 m\u00f6glichkeiten, den coolsten Winterurlaub in Oulu zu verbringen - Visit Oulu<\/title>\n<meta name=\"robots\" content=\"index, follow, max-snippet:-1, max-image-preview:large, max-video-preview:-1\" \/>\n<link rel=\"canonical\" href=\"https:\/\/visitoulu.fi\/en\/10-moglichkeiten-den-coolsten-winterurlaub-in-oulu-zu-verbringen\/\" \/>\n<meta property=\"og:locale\" content=\"en_US\" \/>\n<meta property=\"og:type\" content=\"article\" \/>\n<meta property=\"og:title\" content=\"10 m\u00f6glichkeiten, den coolsten Winterurlaub in Oulu zu verbringen - Visit Oulu\" \/>\n<meta property=\"og:description\" content=\"Verschneite Natur, gefrorenes Meer, Sternenhimmel und mit etwas Gl\u00fccksogar Nordlichter \u2013 all dies und noch mehr k\u00f6nnen Sie im Winter in derRegion Oulu erleben. Hier in Oulu bereiten wir uns auf die Feierlichkeitenals Kulturhauptstadt Europas 2026 vor. Schon jetzt erwartet Sie mit derherrlichen Natur, dem pulsierenden kulturellen Leben und kulinarischenK\u00f6stlichkeiten viel zu erleben. In nur [...]Read More... from 10 m\u00f6glichkeiten, den coolsten Winterurlaub in Oulu zu verbringen\" \/>\n<meta property=\"og:url\" content=\"https:\/\/visitoulu.fi\/en\/10-moglichkeiten-den-coolsten-winterurlaub-in-oulu-zu-verbringen\/\" \/>\n<meta property=\"og:site_name\" content=\"Visit Oulu\" \/>\n<meta property=\"article:modified_time\" content=\"2024-11-25T06:43:50+00:00\" \/>\n<meta property=\"og:image\" content=\"https:\/\/visitoulu.fi\/wp-content\/uploads\/2024\/09\/VISITOULU_talvi-24_artikkeli_16.jpg\" \/>\n\t<meta property=\"og:image:width\" content=\"2048\" \/>\n\t<meta property=\"og:image:height\" content=\"1365\" \/>\n\t<meta property=\"og:image:type\" content=\"image\/jpeg\" \/>\n<meta name=\"twitter:card\" content=\"summary_large_image\" \/>\n<meta name=\"twitter:label1\" content=\"Est. reading time\" \/>\n\t<meta name=\"twitter:data1\" content=\"13 minutes\" \/>\n\t<meta name=\"twitter:label2\" content=\"Written by\" \/>\n\t<meta name=\"twitter:data2\" content=\"Juhani Parhiala\" \/>\n<script type=\"application\/ld+json\" class=\"yoast-schema-graph\">{\"@context\":\"https:\\\/\\\/schema.org\",\"@graph\":[{\"@type\":\"WebPage\",\"@id\":\"https:\\\/\\\/visitoulu.fi\\\/en\\\/10-moglichkeiten-den-coolsten-winterurlaub-in-oulu-zu-verbringen\\\/\",\"url\":\"https:\\\/\\\/visitoulu.fi\\\/en\\\/10-moglichkeiten-den-coolsten-winterurlaub-in-oulu-zu-verbringen\\\/\",\"name\":\"10 m\u00f6glichkeiten, den coolsten Winterurlaub in Oulu zu verbringen - Visit Oulu\",\"isPartOf\":{\"@id\":\"https:\\\/\\\/visitoulu.fi\\\/en\\\/#website\"},\"primaryImageOfPage\":{\"@id\":\"https:\\\/\\\/visitoulu.fi\\\/en\\\/10-moglichkeiten-den-coolsten-winterurlaub-in-oulu-zu-verbringen\\\/#primaryimage\"},\"image\":{\"@id\":\"https:\\\/\\\/visitoulu.fi\\\/en\\\/10-moglichkeiten-den-coolsten-winterurlaub-in-oulu-zu-verbringen\\\/#primaryimage\"},\"thumbnailUrl\":\"https:\\\/\\\/visitoulu.fi\\\/wp-content\\\/uploads\\\/2024\\\/09\\\/VISITOULU_talvi-24_artikkeli_16.jpg\",\"datePublished\":\"2024-09-24T07:09:49+00:00\",\"dateModified\":\"2024-11-25T06:43:50+00:00\",\"breadcrumb\":{\"@id\":\"https:\\\/\\\/visitoulu.fi\\\/en\\\/10-moglichkeiten-den-coolsten-winterurlaub-in-oulu-zu-verbringen\\\/#breadcrumb\"},\"inLanguage\":\"en-US\",\"potentialAction\":[{\"@type\":\"ReadAction\",\"target\":[\"https:\\\/\\\/visitoulu.fi\\\/en\\\/10-moglichkeiten-den-coolsten-winterurlaub-in-oulu-zu-verbringen\\\/\"]}]},{\"@type\":\"ImageObject\",\"inLanguage\":\"en-US\",\"@id\":\"https:\\\/\\\/visitoulu.fi\\\/en\\\/10-moglichkeiten-den-coolsten-winterurlaub-in-oulu-zu-verbringen\\\/#primaryimage\",\"url\":\"https:\\\/\\\/visitoulu.fi\\\/wp-content\\\/uploads\\\/2024\\\/09\\\/VISITOULU_talvi-24_artikkeli_16.jpg\",\"contentUrl\":\"https:\\\/\\\/visitoulu.fi\\\/wp-content\\\/uploads\\\/2024\\\/09\\\/VISITOULU_talvi-24_artikkeli_16.jpg\",\"width\":2048,\"height\":1365},{\"@type\":\"BreadcrumbList\",\"@id\":\"https:\\\/\\\/visitoulu.fi\\\/en\\\/10-moglichkeiten-den-coolsten-winterurlaub-in-oulu-zu-verbringen\\\/#breadcrumb\",\"itemListElement\":[{\"@type\":\"ListItem\",\"position\":1,\"name\":\"Etusivu\",\"item\":\"https:\\\/\\\/visitoulu.fi\\\/en\\\/\"},{\"@type\":\"ListItem\",\"position\":2,\"name\":\"10 m\u00f6glichkeiten, den coolsten Winterurlaub in Oulu zu verbringen\"}]},{\"@type\":\"WebSite\",\"@id\":\"https:\\\/\\\/visitoulu.fi\\\/en\\\/#website\",\"url\":\"https:\\\/\\\/visitoulu.fi\\\/en\\\/\",\"name\":\"Visit Oulu\",\"description\":\"\",\"potentialAction\":[{\"@type\":\"SearchAction\",\"target\":{\"@type\":\"EntryPoint\",\"urlTemplate\":\"https:\\\/\\\/visitoulu.fi\\\/en\\\/?s={search_term_string}\"},\"query-input\":{\"@type\":\"PropertyValueSpecification\",\"valueRequired\":true,\"valueName\":\"search_term_string\"}}],\"inLanguage\":\"en-US\"}]}<\/script>\n<!-- \/ Yoast SEO plugin. -->","yoast_head_json":{"title":"10 m\u00f6glichkeiten, den coolsten Winterurlaub in Oulu zu verbringen - Visit Oulu","robots":{"index":"index","follow":"follow","max-snippet":"max-snippet:-1","max-image-preview":"max-image-preview:large","max-video-preview":"max-video-preview:-1"},"canonical":"https:\/\/visitoulu.fi\/en\/10-moglichkeiten-den-coolsten-winterurlaub-in-oulu-zu-verbringen\/","og_locale":"en_US","og_type":"article","og_title":"10 m\u00f6glichkeiten, den coolsten Winterurlaub in Oulu zu verbringen - Visit Oulu","og_description":"Verschneite Natur, gefrorenes Meer, Sternenhimmel und mit etwas Gl\u00fccksogar Nordlichter \u2013 all dies und noch mehr k\u00f6nnen Sie im Winter in derRegion Oulu erleben. Hier in Oulu bereiten wir uns auf die Feierlichkeitenals Kulturhauptstadt Europas 2026 vor. Schon jetzt erwartet Sie mit derherrlichen Natur, dem pulsierenden kulturellen Leben und kulinarischenK\u00f6stlichkeiten viel zu erleben. In nur [...]Read More... from 10 m\u00f6glichkeiten, den coolsten Winterurlaub in Oulu zu verbringen","og_url":"https:\/\/visitoulu.fi\/en\/10-moglichkeiten-den-coolsten-winterurlaub-in-oulu-zu-verbringen\/","og_site_name":"Visit Oulu","article_modified_time":"2024-11-25T06:43:50+00:00","og_image":[{"width":2048,"height":1365,"url":"https:\/\/visitoulu.fi\/wp-content\/uploads\/2024\/09\/VISITOULU_talvi-24_artikkeli_16.jpg","type":"image\/jpeg"}],"twitter_card":"summary_large_image","twitter_misc":{"Est. reading time":"13 minutes","Written by":"Juhani Parhiala"},"schema":{"@context":"https:\/\/schema.org","@graph":[{"@type":"WebPage","@id":"https:\/\/visitoulu.fi\/en\/10-moglichkeiten-den-coolsten-winterurlaub-in-oulu-zu-verbringen\/","url":"https:\/\/visitoulu.fi\/en\/10-moglichkeiten-den-coolsten-winterurlaub-in-oulu-zu-verbringen\/","name":"10 m\u00f6glichkeiten, den coolsten Winterurlaub in Oulu zu verbringen - Visit Oulu","isPartOf":{"@id":"https:\/\/visitoulu.fi\/en\/#website"},"primaryImageOfPage":{"@id":"https:\/\/visitoulu.fi\/en\/10-moglichkeiten-den-coolsten-winterurlaub-in-oulu-zu-verbringen\/#primaryimage"},"image":{"@id":"https:\/\/visitoulu.fi\/en\/10-moglichkeiten-den-coolsten-winterurlaub-in-oulu-zu-verbringen\/#primaryimage"},"thumbnailUrl":"https:\/\/visitoulu.fi\/wp-content\/uploads\/2024\/09\/VISITOULU_talvi-24_artikkeli_16.jpg","datePublished":"2024-09-24T07:09:49+00:00","dateModified":"2024-11-25T06:43:50+00:00","breadcrumb":{"@id":"https:\/\/visitoulu.fi\/en\/10-moglichkeiten-den-coolsten-winterurlaub-in-oulu-zu-verbringen\/#breadcrumb"},"inLanguage":"en-US","potentialAction":[{"@type":"ReadAction","target":["https:\/\/visitoulu.fi\/en\/10-moglichkeiten-den-coolsten-winterurlaub-in-oulu-zu-verbringen\/"]}]},{"@type":"ImageObject","inLanguage":"en-US","@id":"https:\/\/visitoulu.fi\/en\/10-moglichkeiten-den-coolsten-winterurlaub-in-oulu-zu-verbringen\/#primaryimage","url":"https:\/\/visitoulu.fi\/wp-content\/uploads\/2024\/09\/VISITOULU_talvi-24_artikkeli_16.jpg","contentUrl":"https:\/\/visitoulu.fi\/wp-content\/uploads\/2024\/09\/VISITOULU_talvi-24_artikkeli_16.jpg","width":2048,"height":1365},{"@type":"BreadcrumbList","@id":"https:\/\/visitoulu.fi\/en\/10-moglichkeiten-den-coolsten-winterurlaub-in-oulu-zu-verbringen\/#breadcrumb","itemListElement":[{"@type":"ListItem","position":1,"name":"Etusivu","item":"https:\/\/visitoulu.fi\/en\/"},{"@type":"ListItem","position":2,"name":"10 m\u00f6glichkeiten, den coolsten Winterurlaub in Oulu zu verbringen"}]},{"@type":"WebSite","@id":"https:\/\/visitoulu.fi\/en\/#website","url":"https:\/\/visitoulu.fi\/en\/","name":"Visit Oulu","description":"","potentialAction":[{"@type":"SearchAction","target":{"@type":"EntryPoint","urlTemplate":"https:\/\/visitoulu.fi\/en\/?s={search_term_string}"},"query-input":{"@type":"PropertyValueSpecification","valueRequired":true,"valueName":"search_term_string"}}],"inLanguage":"en-US"}]}},"_links":{"self":[{"href":"https:\/\/visitoulu.fi\/en\/wp-json\/wp\/v2\/pages\/8725","targetHints":{"allow":["GET"]}}],"collection":[{"href":"https:\/\/visitoulu.fi\/en\/wp-json\/wp\/v2\/pages"}],"about":[{"href":"https:\/\/visitoulu.fi\/en\/wp-json\/wp\/v2\/types\/page"}],"author":[{"embeddable":true,"href":"https:\/\/visitoulu.fi\/en\/wp-json\/wp\/v2\/users\/23"}],"replies":[{"embeddable":true,"href":"https:\/\/visitoulu.fi\/en\/wp-json\/wp\/v2\/comments?post=8725"}],"version-history":[{"count":30,"href":"https:\/\/visitoulu.fi\/en\/wp-json\/wp\/v2\/pages\/8725\/revisions"}],"predecessor-version":[{"id":9352,"href":"https:\/\/visitoulu.fi\/en\/wp-json\/wp\/v2\/pages\/8725\/revisions\/9352"}],"wp:featuredmedia":[{"embeddable":true,"href":"https:\/\/visitoulu.fi\/en\/wp-json\/wp\/v2\/media\/8633"}],"wp:attachment":[{"href":"https:\/\/visitoulu.fi\/en\/wp-json\/wp\/v2\/media?parent=8725"}],"wp:term":[{"taxonomy":"author","embeddable":true,"href":"https:\/\/visitoulu.fi\/en\/wp-json\/wp\/v2\/coauthors?post=8725"}],"curies":[{"name":"wp","href":"https:\/\/api.w.org\/{rel}","templated":true}]}}