{"id":8830,"date":"2024-10-16T11:26:18","date_gmt":"2024-10-16T08:26:18","guid":{"rendered":"https:\/\/visitoulu.fi\/?page_id=8830"},"modified":"2024-11-25T08:41:53","modified_gmt":"2024-11-25T06:41:53","slug":"upplev-en-avkopplande-stadssemester-och-vintriga-aktiviteter-i-den-blivande-kulturhuvudstaden-uleaborg","status":"publish","type":"page","link":"https:\/\/visitoulu.fi\/en\/upplev-en-avkopplande-stadssemester-och-vintriga-aktiviteter-i-den-blivande-kulturhuvudstaden-uleaborg\/","title":{"rendered":"Upplev en avkopplande stadssemester och vintriga aktiviteter i den blivande kulturhuvudstaden Ule\u00e5borg\u00a0"},"content":{"rendered":"\n<p>Ibland finns den b\u00e4sta semestern n\u00e4rmare \u00e4n du anar. Du beh\u00f6ver inte alltid resa l\u00e5ngt f\u00f6r att komma bort fr\u00e5n vardagen. Vi nordbor har mycket gemensamt och d\u00e4rf\u00f6r k\u00e4nns Ule\u00e5borgsregionen ocks\u00e5 hemtrevlig, bekant och okomplicerad p\u00e5 ett bra s\u00e4tt. H\u00e4r \u00e4r det enkelt att \u00e5terf\u00e5 sina krafter och ta igen sig till exempel f\u00f6r en helg eller varf\u00f6r inte en l\u00e4ngre tid \u2013 du hittar alltid n\u00e5gonting nytt! Vad skulle du vilja g\u00f6ra p\u00e5 din semester? Vill du dra ut p\u00e5 vilda \u00e4ventyr eller liva upp polarnatten med en avkopplande och rolig stadssemester? I den h\u00e4r artikeln presenterar vi Ule\u00e5borgsregionen p\u00e5 sju olika s\u00e4tt. V\u00e4lkommen!<\/p>\n\n\n\n<p><\/p>\n","protected":false},"excerpt":{"rendered":"<p>Ibland finns den b\u00e4sta semestern n\u00e4rmare \u00e4n du anar. Du beh\u00f6ver inte alltid resa l\u00e5ngt f\u00f6r att komma bort fr\u00e5n vardagen. Vi nordbor har mycket gemensamt och d\u00e4rf\u00f6r k\u00e4nns Ule\u00e5borgsregionen ocks\u00e5 hemtrevlig, bekant och okomplicerad p\u00e5 ett bra s\u00e4tt. H\u00e4r \u00e4r det enkelt att \u00e5terf\u00e5 sina krafter och ta igen sig till exempel f\u00f6r en [&#8230;]<\/p>\n<p><a class=\"btn btn-secondary understrap-read-more-link\" href=\"https:\/\/visitoulu.fi\/en\/upplev-en-avkopplande-stadssemester-och-vintriga-aktiviteter-i-den-blivande-kulturhuvudstaden-uleaborg\/\">Read More&#8230;<span class=\"screen-reader-text\"> from Upplev en avkopplande stadssemester och vintriga aktiviteter i den blivande kulturhuvudstaden Ule\u00e5borg\u00a0<\/span><\/a><\/p>\n","protected":false},"author":29,"featured_media":0,"parent":0,"menu_order":0,"comment_status":"closed","ping_status":"closed","template":"","meta":{"_acf_changed":false,"content-type":"","footnotes":""},"coauthors":[193],"class_list":["post-8830","page","type-page","status-publish","hentry"],"acf":[],"yoast_head":"<!-- This site is optimized with the Yoast SEO plugin v27.3 - https:\/\/yoast.com\/product\/yoast-seo-wordpress\/ -->\n<title>Upplev en avkopplande stadssemester och vintriga aktiviteter i den blivande kulturhuvudstaden Ule\u00e5borg\u00a0 - Visit Oulu<\/title>\n<meta name=\"robots\" content=\"index, follow, max-snippet:-1, max-image-preview:large, max-video-preview:-1\" \/>\n<link rel=\"canonical\" href=\"https:\/\/visitoulu.fi\/en\/upplev-en-avkopplande-stadssemester-och-vintriga-aktiviteter-i-den-blivande-kulturhuvudstaden-uleaborg\/\" \/>\n<meta property=\"og:locale\" content=\"en_US\" \/>\n<meta property=\"og:type\" content=\"article\" \/>\n<meta property=\"og:title\" content=\"Upplev en avkopplande stadssemester och vintriga aktiviteter i den blivande kulturhuvudstaden Ule\u00e5borg\u00a0 - Visit Oulu\" \/>\n<meta property=\"og:description\" content=\"Ibland finns den b\u00e4sta semestern n\u00e4rmare \u00e4n du anar. Du beh\u00f6ver inte alltid resa l\u00e5ngt f\u00f6r att komma bort fr\u00e5n vardagen. Vi nordbor har mycket gemensamt och d\u00e4rf\u00f6r k\u00e4nns Ule\u00e5borgsregionen ocks\u00e5 hemtrevlig, bekant och okomplicerad p\u00e5 ett bra s\u00e4tt. H\u00e4r \u00e4r det enkelt att \u00e5terf\u00e5 sina krafter och ta igen sig till exempel f\u00f6r en [...]Read More... from Upplev en avkopplande stadssemester och vintriga aktiviteter i den blivande kulturhuvudstaden Ule\u00e5borg\u00a0\" \/>\n<meta property=\"og:url\" content=\"https:\/\/visitoulu.fi\/en\/upplev-en-avkopplande-stadssemester-och-vintriga-aktiviteter-i-den-blivande-kulturhuvudstaden-uleaborg\/\" \/>\n<meta property=\"og:site_name\" content=\"Visit Oulu\" \/>\n<meta property=\"article:modified_time\" content=\"2024-11-25T06:41:53+00:00\" \/>\n<meta name=\"twitter:card\" content=\"summary_large_image\" \/>\n<meta name=\"twitter:label1\" content=\"Est. reading time\" \/>\n\t<meta name=\"twitter:data1\" content=\"10 minutes\" \/>\n\t<meta name=\"twitter:label2\" content=\"Written by\" \/>\n\t<meta name=\"twitter:data2\" content=\"Janne-Juhani Hyv\u00e4rinen\" \/>\n<script type=\"application\/ld+json\" class=\"yoast-schema-graph\">{\"@context\":\"https:\\\/\\\/schema.org\",\"@graph\":[{\"@type\":\"WebPage\",\"@id\":\"https:\\\/\\\/visitoulu.fi\\\/en\\\/upplev-en-avkopplande-stadssemester-och-vintriga-aktiviteter-i-den-blivande-kulturhuvudstaden-uleaborg\\\/\",\"url\":\"https:\\\/\\\/visitoulu.fi\\\/en\\\/upplev-en-avkopplande-stadssemester-och-vintriga-aktiviteter-i-den-blivande-kulturhuvudstaden-uleaborg\\\/\",\"name\":\"Upplev en avkopplande stadssemester och vintriga aktiviteter i den blivande kulturhuvudstaden Ule\u00e5borg\u00a0 - Visit Oulu\",\"isPartOf\":{\"@id\":\"https:\\\/\\\/visitoulu.fi\\\/en\\\/#website\"},\"datePublished\":\"2024-10-16T08:26:18+00:00\",\"dateModified\":\"2024-11-25T06:41:53+00:00\",\"breadcrumb\":{\"@id\":\"https:\\\/\\\/visitoulu.fi\\\/en\\\/upplev-en-avkopplande-stadssemester-och-vintriga-aktiviteter-i-den-blivande-kulturhuvudstaden-uleaborg\\\/#breadcrumb\"},\"inLanguage\":\"en-US\",\"potentialAction\":[{\"@type\":\"ReadAction\",\"target\":[\"https:\\\/\\\/visitoulu.fi\\\/en\\\/upplev-en-avkopplande-stadssemester-och-vintriga-aktiviteter-i-den-blivande-kulturhuvudstaden-uleaborg\\\/\"]}]},{\"@type\":\"BreadcrumbList\",\"@id\":\"https:\\\/\\\/visitoulu.fi\\\/en\\\/upplev-en-avkopplande-stadssemester-och-vintriga-aktiviteter-i-den-blivande-kulturhuvudstaden-uleaborg\\\/#breadcrumb\",\"itemListElement\":[{\"@type\":\"ListItem\",\"position\":1,\"name\":\"Etusivu\",\"item\":\"https:\\\/\\\/visitoulu.fi\\\/en\\\/\"},{\"@type\":\"ListItem\",\"position\":2,\"name\":\"Upplev en avkopplande stadssemester och vintriga aktiviteter i den blivande kulturhuvudstaden Ule\u00e5borg\u00a0\"}]},{\"@type\":\"WebSite\",\"@id\":\"https:\\\/\\\/visitoulu.fi\\\/en\\\/#website\",\"url\":\"https:\\\/\\\/visitoulu.fi\\\/en\\\/\",\"name\":\"Visit Oulu\",\"description\":\"\",\"potentialAction\":[{\"@type\":\"SearchAction\",\"target\":{\"@type\":\"EntryPoint\",\"urlTemplate\":\"https:\\\/\\\/visitoulu.fi\\\/en\\\/?s={search_term_string}\"},\"query-input\":{\"@type\":\"PropertyValueSpecification\",\"valueRequired\":true,\"valueName\":\"search_term_string\"}}],\"inLanguage\":\"en-US\"}]}<\/script>\n<!-- \/ Yoast SEO plugin. -->","yoast_head_json":{"title":"Upplev en avkopplande stadssemester och vintriga aktiviteter i den blivande kulturhuvudstaden Ule\u00e5borg\u00a0 - Visit Oulu","robots":{"index":"index","follow":"follow","max-snippet":"max-snippet:-1","max-image-preview":"max-image-preview:large","max-video-preview":"max-video-preview:-1"},"canonical":"https:\/\/visitoulu.fi\/en\/upplev-en-avkopplande-stadssemester-och-vintriga-aktiviteter-i-den-blivande-kulturhuvudstaden-uleaborg\/","og_locale":"en_US","og_type":"article","og_title":"Upplev en avkopplande stadssemester och vintriga aktiviteter i den blivande kulturhuvudstaden Ule\u00e5borg\u00a0 - Visit Oulu","og_description":"Ibland finns den b\u00e4sta semestern n\u00e4rmare \u00e4n du anar. Du beh\u00f6ver inte alltid resa l\u00e5ngt f\u00f6r att komma bort fr\u00e5n vardagen. Vi nordbor har mycket gemensamt och d\u00e4rf\u00f6r k\u00e4nns Ule\u00e5borgsregionen ocks\u00e5 hemtrevlig, bekant och okomplicerad p\u00e5 ett bra s\u00e4tt. H\u00e4r \u00e4r det enkelt att \u00e5terf\u00e5 sina krafter och ta igen sig till exempel f\u00f6r en [...]Read More... from Upplev en avkopplande stadssemester och vintriga aktiviteter i den blivande kulturhuvudstaden Ule\u00e5borg\u00a0","og_url":"https:\/\/visitoulu.fi\/en\/upplev-en-avkopplande-stadssemester-och-vintriga-aktiviteter-i-den-blivande-kulturhuvudstaden-uleaborg\/","og_site_name":"Visit Oulu","article_modified_time":"2024-11-25T06:41:53+00:00","twitter_card":"summary_large_image","twitter_misc":{"Est. reading time":"10 minutes","Written by":"Janne-Juhani Hyv\u00e4rinen"},"schema":{"@context":"https:\/\/schema.org","@graph":[{"@type":"WebPage","@id":"https:\/\/visitoulu.fi\/en\/upplev-en-avkopplande-stadssemester-och-vintriga-aktiviteter-i-den-blivande-kulturhuvudstaden-uleaborg\/","url":"https:\/\/visitoulu.fi\/en\/upplev-en-avkopplande-stadssemester-och-vintriga-aktiviteter-i-den-blivande-kulturhuvudstaden-uleaborg\/","name":"Upplev en avkopplande stadssemester och vintriga aktiviteter i den blivande kulturhuvudstaden Ule\u00e5borg\u00a0 - Visit Oulu","isPartOf":{"@id":"https:\/\/visitoulu.fi\/en\/#website"},"datePublished":"2024-10-16T08:26:18+00:00","dateModified":"2024-11-25T06:41:53+00:00","breadcrumb":{"@id":"https:\/\/visitoulu.fi\/en\/upplev-en-avkopplande-stadssemester-och-vintriga-aktiviteter-i-den-blivande-kulturhuvudstaden-uleaborg\/#breadcrumb"},"inLanguage":"en-US","potentialAction":[{"@type":"ReadAction","target":["https:\/\/visitoulu.fi\/en\/upplev-en-avkopplande-stadssemester-och-vintriga-aktiviteter-i-den-blivande-kulturhuvudstaden-uleaborg\/"]}]},{"@type":"BreadcrumbList","@id":"https:\/\/visitoulu.fi\/en\/upplev-en-avkopplande-stadssemester-och-vintriga-aktiviteter-i-den-blivande-kulturhuvudstaden-uleaborg\/#breadcrumb","itemListElement":[{"@type":"ListItem","position":1,"name":"Etusivu","item":"https:\/\/visitoulu.fi\/en\/"},{"@type":"ListItem","position":2,"name":"Upplev en avkopplande stadssemester och vintriga aktiviteter i den blivande kulturhuvudstaden Ule\u00e5borg\u00a0"}]},{"@type":"WebSite","@id":"https:\/\/visitoulu.fi\/en\/#website","url":"https:\/\/visitoulu.fi\/en\/","name":"Visit Oulu","description":"","potentialAction":[{"@type":"SearchAction","target":{"@type":"EntryPoint","urlTemplate":"https:\/\/visitoulu.fi\/en\/?s={search_term_string}"},"query-input":{"@type":"PropertyValueSpecification","valueRequired":true,"valueName":"search_term_string"}}],"inLanguage":"en-US"}]}},"_links":{"self":[{"href":"https:\/\/visitoulu.fi\/en\/wp-json\/wp\/v2\/pages\/8830","targetHints":{"allow":["GET"]}}],"collection":[{"href":"https:\/\/visitoulu.fi\/en\/wp-json\/wp\/v2\/pages"}],"about":[{"href":"https:\/\/visitoulu.fi\/en\/wp-json\/wp\/v2\/types\/page"}],"author":[{"embeddable":true,"href":"https:\/\/visitoulu.fi\/en\/wp-json\/wp\/v2\/users\/29"}],"replies":[{"embeddable":true,"href":"https:\/\/visitoulu.fi\/en\/wp-json\/wp\/v2\/comments?post=8830"}],"version-history":[{"count":19,"href":"https:\/\/visitoulu.fi\/en\/wp-json\/wp\/v2\/pages\/8830\/revisions"}],"predecessor-version":[{"id":9351,"href":"https:\/\/visitoulu.fi\/en\/wp-json\/wp\/v2\/pages\/8830\/revisions\/9351"}],"wp:attachment":[{"href":"https:\/\/visitoulu.fi\/en\/wp-json\/wp\/v2\/media?parent=8830"}],"wp:term":[{"taxonomy":"author","embeddable":true,"href":"https:\/\/visitoulu.fi\/en\/wp-json\/wp\/v2\/coauthors?post=8830"}],"curies":[{"name":"wp","href":"https:\/\/api.w.org\/{rel}","templated":true}]}}