{"id":8867,"date":"2024-10-16T11:43:17","date_gmt":"2024-10-16T08:43:17","guid":{"rendered":"https:\/\/visitoulu.fi\/?page_id=8867"},"modified":"2024-11-25T08:41:06","modified_gmt":"2024-11-25T06:41:06","slug":"opplev-en-hyggelig-byferie-og-vinteraktiviteter-i-den-fremtidige-kulturhovedstaden-oulu","status":"publish","type":"page","link":"https:\/\/visitoulu.fi\/en\/opplev-en-hyggelig-byferie-og-vinteraktiviteter-i-den-fremtidige-kulturhovedstaden-oulu\/","title":{"rendered":"Opplev en hyggelig byferie og vinteraktiviteter i den fremtidige kulturhovedstaden Oulu"},"content":{"rendered":"\n<p>Noen ganger ligger det beste feriestedet n\u00e6rmere enn du aner. Man trenger ikke alltid \u00e5 reise s\u00e5 langt for \u00e5 komme seg litt vekk fra hverdagen. Vi i Norden har mye til felles, og derfor f\u00f8les Oulu-omr\u00e5det b\u00e5de hjemmekoselig, kjent og ukomplisert p\u00e5 en fin m\u00e5te. Her er det lett \u00e5 hvile ut og slappe av for eksempel en helg eller lengre \u2013 her finner du alltid noe nytt! Hva har du lyst til \u00e5 gj\u00f8re i ferien? Vil du dra ut p\u00e5 ville eventyr eller vil du heller overvinne m\u00f8rketiden med en rolig og avslappet byferie? I denne artikkelen vil vi servere deg Oulu p\u00e5 7 forskjellige m\u00e5ter. Velkommen!<\/p>\n","protected":false},"excerpt":{"rendered":"<p>Noen ganger ligger det beste feriestedet n\u00e6rmere enn du aner. Man trenger ikke alltid \u00e5 reise s\u00e5 langt for \u00e5 komme seg litt vekk fra hverdagen. Vi i Norden har mye til felles, og derfor f\u00f8les Oulu-omr\u00e5det b\u00e5de hjemmekoselig, kjent og ukomplisert p\u00e5 en fin m\u00e5te. Her er det lett \u00e5 hvile ut og slappe [&#8230;]<\/p>\n<p><a class=\"btn btn-secondary understrap-read-more-link\" href=\"https:\/\/visitoulu.fi\/en\/opplev-en-hyggelig-byferie-og-vinteraktiviteter-i-den-fremtidige-kulturhovedstaden-oulu\/\">Read More&#8230;<span class=\"screen-reader-text\"> from Opplev en hyggelig byferie og vinteraktiviteter i den fremtidige kulturhovedstaden Oulu<\/span><\/a><\/p>\n","protected":false},"author":29,"featured_media":8633,"parent":0,"menu_order":0,"comment_status":"closed","ping_status":"closed","template":"","meta":{"_acf_changed":false,"content-type":"","footnotes":""},"coauthors":[193],"class_list":["post-8867","page","type-page","status-publish","has-post-thumbnail","hentry"],"acf":[],"yoast_head":"<!-- This site is optimized with the Yoast SEO plugin v27.4 - https:\/\/yoast.com\/product\/yoast-seo-wordpress\/ -->\n<title>Opplev en hyggelig byferie og vinteraktiviteter i den fremtidige kulturhovedstaden Oulu - Visit Oulu<\/title>\n<meta name=\"robots\" content=\"index, follow, max-snippet:-1, max-image-preview:large, max-video-preview:-1\" \/>\n<link rel=\"canonical\" href=\"https:\/\/visitoulu.fi\/en\/opplev-en-hyggelig-byferie-og-vinteraktiviteter-i-den-fremtidige-kulturhovedstaden-oulu\/\" \/>\n<meta property=\"og:locale\" content=\"en_US\" \/>\n<meta property=\"og:type\" content=\"article\" \/>\n<meta property=\"og:title\" content=\"Opplev en hyggelig byferie og vinteraktiviteter i den fremtidige kulturhovedstaden Oulu - Visit Oulu\" \/>\n<meta property=\"og:description\" content=\"Noen ganger ligger det beste feriestedet n\u00e6rmere enn du aner. Man trenger ikke alltid \u00e5 reise s\u00e5 langt for \u00e5 komme seg litt vekk fra hverdagen. Vi i Norden har mye til felles, og derfor f\u00f8les Oulu-omr\u00e5det b\u00e5de hjemmekoselig, kjent og ukomplisert p\u00e5 en fin m\u00e5te. Her er det lett \u00e5 hvile ut og slappe [...]Read More... from Opplev en hyggelig byferie og vinteraktiviteter i den fremtidige kulturhovedstaden Oulu\" \/>\n<meta property=\"og:url\" content=\"https:\/\/visitoulu.fi\/en\/opplev-en-hyggelig-byferie-og-vinteraktiviteter-i-den-fremtidige-kulturhovedstaden-oulu\/\" \/>\n<meta property=\"og:site_name\" content=\"Visit Oulu\" \/>\n<meta property=\"article:modified_time\" content=\"2024-11-25T06:41:06+00:00\" \/>\n<meta property=\"og:image\" content=\"https:\/\/visitoulu.fi\/wp-content\/uploads\/2024\/09\/VISITOULU_talvi-24_artikkeli_16.jpg\" \/>\n\t<meta property=\"og:image:width\" content=\"2048\" \/>\n\t<meta property=\"og:image:height\" content=\"1365\" \/>\n\t<meta property=\"og:image:type\" content=\"image\/jpeg\" \/>\n<meta name=\"twitter:card\" content=\"summary_large_image\" \/>\n<meta name=\"twitter:label1\" content=\"Est. reading time\" \/>\n\t<meta name=\"twitter:data1\" content=\"11 minutes\" \/>\n\t<meta name=\"twitter:label2\" content=\"Written by\" \/>\n\t<meta name=\"twitter:data2\" content=\"Janne-Juhani Hyv\u00e4rinen\" \/>\n<script type=\"application\/ld+json\" class=\"yoast-schema-graph\">{\"@context\":\"https:\\\/\\\/schema.org\",\"@graph\":[{\"@type\":\"WebPage\",\"@id\":\"https:\\\/\\\/visitoulu.fi\\\/en\\\/opplev-en-hyggelig-byferie-og-vinteraktiviteter-i-den-fremtidige-kulturhovedstaden-oulu\\\/\",\"url\":\"https:\\\/\\\/visitoulu.fi\\\/en\\\/opplev-en-hyggelig-byferie-og-vinteraktiviteter-i-den-fremtidige-kulturhovedstaden-oulu\\\/\",\"name\":\"Opplev en hyggelig byferie og vinteraktiviteter i den fremtidige kulturhovedstaden Oulu - Visit Oulu\",\"isPartOf\":{\"@id\":\"https:\\\/\\\/visitoulu.fi\\\/en\\\/#website\"},\"primaryImageOfPage\":{\"@id\":\"https:\\\/\\\/visitoulu.fi\\\/en\\\/opplev-en-hyggelig-byferie-og-vinteraktiviteter-i-den-fremtidige-kulturhovedstaden-oulu\\\/#primaryimage\"},\"image\":{\"@id\":\"https:\\\/\\\/visitoulu.fi\\\/en\\\/opplev-en-hyggelig-byferie-og-vinteraktiviteter-i-den-fremtidige-kulturhovedstaden-oulu\\\/#primaryimage\"},\"thumbnailUrl\":\"https:\\\/\\\/visitoulu.fi\\\/wp-content\\\/uploads\\\/2024\\\/09\\\/VISITOULU_talvi-24_artikkeli_16.jpg\",\"datePublished\":\"2024-10-16T08:43:17+00:00\",\"dateModified\":\"2024-11-25T06:41:06+00:00\",\"breadcrumb\":{\"@id\":\"https:\\\/\\\/visitoulu.fi\\\/en\\\/opplev-en-hyggelig-byferie-og-vinteraktiviteter-i-den-fremtidige-kulturhovedstaden-oulu\\\/#breadcrumb\"},\"inLanguage\":\"en-US\",\"potentialAction\":[{\"@type\":\"ReadAction\",\"target\":[\"https:\\\/\\\/visitoulu.fi\\\/en\\\/opplev-en-hyggelig-byferie-og-vinteraktiviteter-i-den-fremtidige-kulturhovedstaden-oulu\\\/\"]}]},{\"@type\":\"ImageObject\",\"inLanguage\":\"en-US\",\"@id\":\"https:\\\/\\\/visitoulu.fi\\\/en\\\/opplev-en-hyggelig-byferie-og-vinteraktiviteter-i-den-fremtidige-kulturhovedstaden-oulu\\\/#primaryimage\",\"url\":\"https:\\\/\\\/visitoulu.fi\\\/wp-content\\\/uploads\\\/2024\\\/09\\\/VISITOULU_talvi-24_artikkeli_16.jpg\",\"contentUrl\":\"https:\\\/\\\/visitoulu.fi\\\/wp-content\\\/uploads\\\/2024\\\/09\\\/VISITOULU_talvi-24_artikkeli_16.jpg\",\"width\":2048,\"height\":1365},{\"@type\":\"BreadcrumbList\",\"@id\":\"https:\\\/\\\/visitoulu.fi\\\/en\\\/opplev-en-hyggelig-byferie-og-vinteraktiviteter-i-den-fremtidige-kulturhovedstaden-oulu\\\/#breadcrumb\",\"itemListElement\":[{\"@type\":\"ListItem\",\"position\":1,\"name\":\"Etusivu\",\"item\":\"https:\\\/\\\/visitoulu.fi\\\/en\\\/\"},{\"@type\":\"ListItem\",\"position\":2,\"name\":\"Opplev en hyggelig byferie og vinteraktiviteter i den fremtidige kulturhovedstaden Oulu\"}]},{\"@type\":\"WebSite\",\"@id\":\"https:\\\/\\\/visitoulu.fi\\\/en\\\/#website\",\"url\":\"https:\\\/\\\/visitoulu.fi\\\/en\\\/\",\"name\":\"Visit Oulu\",\"description\":\"\",\"potentialAction\":[{\"@type\":\"SearchAction\",\"target\":{\"@type\":\"EntryPoint\",\"urlTemplate\":\"https:\\\/\\\/visitoulu.fi\\\/en\\\/?s={search_term_string}\"},\"query-input\":{\"@type\":\"PropertyValueSpecification\",\"valueRequired\":true,\"valueName\":\"search_term_string\"}}],\"inLanguage\":\"en-US\"}]}<\/script>\n<!-- \/ Yoast SEO plugin. -->","yoast_head_json":{"title":"Opplev en hyggelig byferie og vinteraktiviteter i den fremtidige kulturhovedstaden Oulu - Visit Oulu","robots":{"index":"index","follow":"follow","max-snippet":"max-snippet:-1","max-image-preview":"max-image-preview:large","max-video-preview":"max-video-preview:-1"},"canonical":"https:\/\/visitoulu.fi\/en\/opplev-en-hyggelig-byferie-og-vinteraktiviteter-i-den-fremtidige-kulturhovedstaden-oulu\/","og_locale":"en_US","og_type":"article","og_title":"Opplev en hyggelig byferie og vinteraktiviteter i den fremtidige kulturhovedstaden Oulu - Visit Oulu","og_description":"Noen ganger ligger det beste feriestedet n\u00e6rmere enn du aner. Man trenger ikke alltid \u00e5 reise s\u00e5 langt for \u00e5 komme seg litt vekk fra hverdagen. Vi i Norden har mye til felles, og derfor f\u00f8les Oulu-omr\u00e5det b\u00e5de hjemmekoselig, kjent og ukomplisert p\u00e5 en fin m\u00e5te. Her er det lett \u00e5 hvile ut og slappe [...]Read More... from Opplev en hyggelig byferie og vinteraktiviteter i den fremtidige kulturhovedstaden Oulu","og_url":"https:\/\/visitoulu.fi\/en\/opplev-en-hyggelig-byferie-og-vinteraktiviteter-i-den-fremtidige-kulturhovedstaden-oulu\/","og_site_name":"Visit Oulu","article_modified_time":"2024-11-25T06:41:06+00:00","og_image":[{"width":2048,"height":1365,"url":"https:\/\/visitoulu.fi\/wp-content\/uploads\/2024\/09\/VISITOULU_talvi-24_artikkeli_16.jpg","type":"image\/jpeg"}],"twitter_card":"summary_large_image","twitter_misc":{"Est. reading time":"11 minutes","Written by":"Janne-Juhani Hyv\u00e4rinen"},"schema":{"@context":"https:\/\/schema.org","@graph":[{"@type":"WebPage","@id":"https:\/\/visitoulu.fi\/en\/opplev-en-hyggelig-byferie-og-vinteraktiviteter-i-den-fremtidige-kulturhovedstaden-oulu\/","url":"https:\/\/visitoulu.fi\/en\/opplev-en-hyggelig-byferie-og-vinteraktiviteter-i-den-fremtidige-kulturhovedstaden-oulu\/","name":"Opplev en hyggelig byferie og vinteraktiviteter i den fremtidige kulturhovedstaden Oulu - Visit Oulu","isPartOf":{"@id":"https:\/\/visitoulu.fi\/en\/#website"},"primaryImageOfPage":{"@id":"https:\/\/visitoulu.fi\/en\/opplev-en-hyggelig-byferie-og-vinteraktiviteter-i-den-fremtidige-kulturhovedstaden-oulu\/#primaryimage"},"image":{"@id":"https:\/\/visitoulu.fi\/en\/opplev-en-hyggelig-byferie-og-vinteraktiviteter-i-den-fremtidige-kulturhovedstaden-oulu\/#primaryimage"},"thumbnailUrl":"https:\/\/visitoulu.fi\/wp-content\/uploads\/2024\/09\/VISITOULU_talvi-24_artikkeli_16.jpg","datePublished":"2024-10-16T08:43:17+00:00","dateModified":"2024-11-25T06:41:06+00:00","breadcrumb":{"@id":"https:\/\/visitoulu.fi\/en\/opplev-en-hyggelig-byferie-og-vinteraktiviteter-i-den-fremtidige-kulturhovedstaden-oulu\/#breadcrumb"},"inLanguage":"en-US","potentialAction":[{"@type":"ReadAction","target":["https:\/\/visitoulu.fi\/en\/opplev-en-hyggelig-byferie-og-vinteraktiviteter-i-den-fremtidige-kulturhovedstaden-oulu\/"]}]},{"@type":"ImageObject","inLanguage":"en-US","@id":"https:\/\/visitoulu.fi\/en\/opplev-en-hyggelig-byferie-og-vinteraktiviteter-i-den-fremtidige-kulturhovedstaden-oulu\/#primaryimage","url":"https:\/\/visitoulu.fi\/wp-content\/uploads\/2024\/09\/VISITOULU_talvi-24_artikkeli_16.jpg","contentUrl":"https:\/\/visitoulu.fi\/wp-content\/uploads\/2024\/09\/VISITOULU_talvi-24_artikkeli_16.jpg","width":2048,"height":1365},{"@type":"BreadcrumbList","@id":"https:\/\/visitoulu.fi\/en\/opplev-en-hyggelig-byferie-og-vinteraktiviteter-i-den-fremtidige-kulturhovedstaden-oulu\/#breadcrumb","itemListElement":[{"@type":"ListItem","position":1,"name":"Etusivu","item":"https:\/\/visitoulu.fi\/en\/"},{"@type":"ListItem","position":2,"name":"Opplev en hyggelig byferie og vinteraktiviteter i den fremtidige kulturhovedstaden Oulu"}]},{"@type":"WebSite","@id":"https:\/\/visitoulu.fi\/en\/#website","url":"https:\/\/visitoulu.fi\/en\/","name":"Visit Oulu","description":"","potentialAction":[{"@type":"SearchAction","target":{"@type":"EntryPoint","urlTemplate":"https:\/\/visitoulu.fi\/en\/?s={search_term_string}"},"query-input":{"@type":"PropertyValueSpecification","valueRequired":true,"valueName":"search_term_string"}}],"inLanguage":"en-US"}]}},"_links":{"self":[{"href":"https:\/\/visitoulu.fi\/en\/wp-json\/wp\/v2\/pages\/8867","targetHints":{"allow":["GET"]}}],"collection":[{"href":"https:\/\/visitoulu.fi\/en\/wp-json\/wp\/v2\/pages"}],"about":[{"href":"https:\/\/visitoulu.fi\/en\/wp-json\/wp\/v2\/types\/page"}],"author":[{"embeddable":true,"href":"https:\/\/visitoulu.fi\/en\/wp-json\/wp\/v2\/users\/29"}],"replies":[{"embeddable":true,"href":"https:\/\/visitoulu.fi\/en\/wp-json\/wp\/v2\/comments?post=8867"}],"version-history":[{"count":14,"href":"https:\/\/visitoulu.fi\/en\/wp-json\/wp\/v2\/pages\/8867\/revisions"}],"predecessor-version":[{"id":9349,"href":"https:\/\/visitoulu.fi\/en\/wp-json\/wp\/v2\/pages\/8867\/revisions\/9349"}],"wp:featuredmedia":[{"embeddable":true,"href":"https:\/\/visitoulu.fi\/en\/wp-json\/wp\/v2\/media\/8633"}],"wp:attachment":[{"href":"https:\/\/visitoulu.fi\/en\/wp-json\/wp\/v2\/media?parent=8867"}],"wp:term":[{"taxonomy":"author","embeddable":true,"href":"https:\/\/visitoulu.fi\/en\/wp-json\/wp\/v2\/coauthors?post=8867"}],"curies":[{"name":"wp","href":"https:\/\/api.w.org\/{rel}","templated":true}]}}